{"id":4237,"date":"2025-05-21T07:28:43","date_gmt":"2025-05-21T07:28:43","guid":{"rendered":"https:\/\/automotiveland.nrw\/?page_id=4237"},"modified":"2025-08-04T08:56:22","modified_gmt":"2025-08-04T08:56:22","slug":"unsere-mitglieder","status":"publish","type":"page","link":"https:\/\/automotiveland.nrw\/en\/mitgliedschaft\/unsere-mitglieder\/","title":{"rendered":"Unsere Mitglieder (doppler &#8211; nicht bearbeiten!)"},"content":{"rendered":"<div data-elementor-type=\"wp-page\" data-elementor-id=\"4237\" class=\"elementor elementor-4237\" data-elementor-post-type=\"page\">\n\t\t\t\t<div class=\"elementor-element elementor-element-3c93d9f e-flex e-con-boxed e-con e-parent\" data-id=\"3c93d9f\" data-element_type=\"container\" data-e-type=\"container\">\n\t\t\t\t\t<div class=\"e-con-inner\">\n\t\t\t\t<div class=\"elementor-element elementor-element-b472ff6 elementor-widget elementor-widget-heading\" data-id=\"b472ff6\" data-element_type=\"widget\" data-e-type=\"widget\" data-widget_type=\"heading.default\">\n\t\t\t\t<div class=\"elementor-widget-container\">\n\t\t\t\t\t<h2 class=\"elementor-heading-title elementor-size-default\">F\u00f6rdermitgliedschaft - ein erster Schritt in bewegten Zeiten<\/h2>\t\t\t\t<\/div>\n\t\t\t\t<\/div>\n\t\t\t\t\t<\/div>\n\t\t\t\t<\/div>\n\t\t<div class=\"elementor-element elementor-element-0fcad50 e-flex e-con-boxed e-con e-parent\" data-id=\"0fcad50\" data-element_type=\"container\" data-e-type=\"container\">\n\t\t\t\t\t<div class=\"e-con-inner\">\n\t\t\t\t<div class=\"elementor-element elementor-element-66e803b elementor-widget elementor-widget-text-editor\" data-id=\"66e803b\" data-element_type=\"widget\" data-e-type=\"widget\" data-widget_type=\"text-editor.default\">\n\t\t\t\t<div class=\"elementor-widget-container\">\n\t\t\t\t\t\t\t\t\t<p>Wir freuen uns, dass wir eine Vielzahl an Unternehmen zu unseren F\u00f6rdermitgliedern z\u00e4hlen d\u00fcrfen. Mit dieser Unterst\u00fctzung k\u00f6nnen wir Projekte und Veranstaltungen realisieren, die aktiv zu einer St\u00e4rkung der Automobilzulieferindustrie beitragen.\u00a0 \u00a0<\/p>\t\t\t\t\t\t\t\t<\/div>\n\t\t\t\t<\/div>\n\t\t\t\t\t<\/div>\n\t\t\t\t<\/div>\n\t\t<div class=\"elementor-element elementor-element-2f75ae8 e-flex e-con-boxed e-con e-parent\" data-id=\"2f75ae8\" data-element_type=\"container\" data-e-type=\"container\">\n\t\t\t\t\t<div class=\"e-con-inner\">\n\t\t\t\t<div class=\"elementor-element elementor-element-6423b85 elementor-widget elementor-widget-text-editor\" data-id=\"6423b85\" data-element_type=\"widget\" data-e-type=\"widget\" data-widget_type=\"text-editor.default\">\n\t\t\t\t<div class=\"elementor-widget-container\">\n\t\t\t\t\t\t\t\t\t<ul><li>B\u00fcchnerBarella Versicherungsmakler GmbH, Gie\u00dfen <a href=\"http:\/\/www.buechnerbarella.de\">www.buechnerbarella.de<\/a><\/li><li>IAB Reinraum-Produkte GmbH, Braunschweig <a href=\"http:\/\/www.iab-reinraumprodukte.de\">www.iab-reinraumprodukte.de<\/a><\/li><li>Brandes Consulting GmbH, Peine <a href=\"http:\/\/www.brandes-consulting-gmbh.de\">www.brandes-consulting-gmbh.de<\/a><\/li><li>Redi-Group GmbH, Langenfeld <a href=\"http:\/\/www.redi-group.com\">www.redi-group.com<\/a><\/li><li>Transfact GmbH, Dortmund <a href=\"http:\/\/www.transfact.de\">www.transfact.de<\/a><\/li><li>Oskar K\u00e4mmer Schule, Braunschweig <a href=\"http:\/\/www.oks.de\">www.oks.de<\/a><\/li><li>Weippert Kunststofftechnik, \u00d6hringen <a href=\"http:\/\/www.weippert-technik.com\"><span lang=\"FR\">www.weippert-technik.com<\/span><\/a><\/li><li><span lang=\"FR\">Alteva Technologies GmbH, K\u00f6ln <\/span><a href=\"http:\/\/www.alteva.tech\">www.alteva.tech<\/a><\/li><li>GIPS mineral GmbH, Rheinbach <a href=\"http:\/\/www.gipsmineral.de\">www.gipsmineral.de<\/a><\/li><li>Techmotions Alliance GmbH, Braunschweig\u00a0<a href=\"http:\/\/www.techmotionalliance.com\">www.techmotionalliance.com<\/a><\/li><li>BZI, Remscheid <a href=\"http:\/\/www.bzi-rs.de\">www.bzi-rs.de<\/a><\/li><li>Deutsch-Israelische-Wirtschaftsvereinigung e.V., Offenbach <a href=\"http:\/\/www.d-i-w.de\">www.d-i-w.de<\/a><\/li><li>UM\/FM2 Automotive Center S\u00fcdwestfalen GmbH, Attendorn <a href=\"http:\/\/www.acs-innovations.de\">www.acs-innovations.de<\/a><\/li><\/ul>\t\t\t\t\t\t\t\t<\/div>\n\t\t\t\t<\/div>\n\t\t\t\t\t<\/div>\n\t\t\t\t<\/div>\n\t\t\t\t<\/div>","protected":false},"excerpt":{"rendered":"<p>F\u00f6rdermitgliedschaft &#8211; ein erster Schritt in bewegten Zeiten Wir freuen uns, dass wir eine Vielzahl an Unternehmen zu unseren F\u00f6rdermitgliedern z\u00e4hlen d\u00fcrfen. Mit dieser Unterst\u00fctzung k\u00f6nnen wir Projekte und Veranstaltungen&#8230;<\/p>","protected":false},"author":11,"featured_media":0,"parent":45,"menu_order":0,"comment_status":"closed","ping_status":"closed","template":"","meta":{"episode_type":"","audio_file":"","podmotor_file_id":"","podmotor_episode_id":"","cover_image":"","cover_image_id":"","duration":"","filesize":"","filesize_raw":"","date_recorded":"","explicit":"","block":"","itunes_episode_number":"","itunes_title":"","itunes_season_number":"","itunes_episode_type":"","_kad_post_transparent":"default","_kad_post_title":"hide","_kad_post_layout":"fullwidth","_kad_post_sidebar_id":"","_kad_post_content_style":"unboxed","_kad_post_vertical_padding":"hide","_kad_post_feature":"hide","_kad_post_feature_position":"","_kad_post_header":false,"_kad_post_footer":false,"_kad_post_classname":"","footnotes":""},"class_list":["post-4237","page","type-page","status-publish","hentry"],"_links":{"self":[{"href":"https:\/\/automotiveland.nrw\/en\/wp-json\/wp\/v2\/pages\/4237","targetHints":{"allow":["GET"]}}],"collection":[{"href":"https:\/\/automotiveland.nrw\/en\/wp-json\/wp\/v2\/pages"}],"about":[{"href":"https:\/\/automotiveland.nrw\/en\/wp-json\/wp\/v2\/types\/page"}],"author":[{"embeddable":true,"href":"https:\/\/automotiveland.nrw\/en\/wp-json\/wp\/v2\/users\/11"}],"replies":[{"embeddable":true,"href":"https:\/\/automotiveland.nrw\/en\/wp-json\/wp\/v2\/comments?post=4237"}],"version-history":[{"count":0,"href":"https:\/\/automotiveland.nrw\/en\/wp-json\/wp\/v2\/pages\/4237\/revisions"}],"up":[{"embeddable":true,"href":"https:\/\/automotiveland.nrw\/en\/wp-json\/wp\/v2\/pages\/45"}],"wp:attachment":[{"href":"https:\/\/automotiveland.nrw\/en\/wp-json\/wp\/v2\/media?parent=4237"}],"curies":[{"name":"wp","href":"https:\/\/api.w.org\/{rel}","templated":true}]}}