{"id":47,"date":"2024-04-30T14:42:31","date_gmt":"2024-04-30T14:42:31","guid":{"rendered":"https:\/\/automotiveland.nrw\/?page_id=47"},"modified":"2025-05-08T11:33:35","modified_gmt":"2025-05-08T11:33:35","slug":"aktuelles","status":"publish","type":"page","link":"https:\/\/automotiveland.nrw\/en\/aktuelles\/","title":{"rendered":"News"},"content":{"rendered":"\t\t<div data-elementor-type=\"wp-page\" data-elementor-id=\"47\" class=\"elementor elementor-47\" data-elementor-post-type=\"page\">\n\t\t\t\t<div class=\"elementor-element elementor-element-452c90b3 e-flex e-con-boxed e-con e-parent\" data-id=\"452c90b3\" data-element_type=\"container\" data-e-type=\"container\" data-settings=\"{&quot;background_background&quot;:&quot;classic&quot;}\">\n\t\t\t\t\t<div class=\"e-con-inner\">\n\t\t\t\t<div class=\"elementor-element elementor-element-9210677 elementor-invisible elementor-widget elementor-widget-heading\" data-id=\"9210677\" data-element_type=\"widget\" data-e-type=\"widget\" data-settings=\"{&quot;_animation&quot;:&quot;fadeInUp&quot;}\" data-widget_type=\"heading.default\">\n\t\t\t\t<div class=\"elementor-widget-container\">\n\t\t\t\t\t<h1 class=\"elementor-heading-title elementor-size-default\">Aktuelles<\/h1>\t\t\t\t<\/div>\n\t\t\t\t<\/div>\n\t\t\t\t<div class=\"elementor-element elementor-element-5e0d894c elementor-icon-list--layout-inline elementor-align-center elementor-list-item-link-full_width elementor-invisible elementor-widget elementor-widget-icon-list\" data-id=\"5e0d894c\" data-element_type=\"widget\" data-e-type=\"widget\" data-settings=\"{&quot;_animation&quot;:&quot;fadeInUp&quot;,&quot;_animation_delay&quot;:200}\" data-widget_type=\"icon-list.default\">\n\t\t\t\t<div class=\"elementor-widget-container\">\n\t\t\t\t\t\t\t<ul class=\"elementor-icon-list-items elementor-inline-items\">\n\t\t\t\t\t\t\t<li class=\"elementor-icon-list-item elementor-inline-item\">\n\t\t\t\t\t\t\t\t\t\t\t<a href=\"https:\/\/automotiveland.nrw\/\">\n\n\t\t\t\t\t\t\t\t\t\t\t<span class=\"elementor-icon-list-text\">Home<\/span>\n\t\t\t\t\t\t\t\t\t\t\t<\/a>\n\t\t\t\t\t\t\t\t\t<\/li>\n\t\t\t\t\t\t\t\t<li class=\"elementor-icon-list-item elementor-inline-item\">\n\t\t\t\t\t\t\t\t\t\t\t<span class=\"elementor-icon-list-icon\">\n\t\t\t\t\t\t\t<svg aria-hidden=\"true\" class=\"e-font-icon-svg e-fas-long-arrow-alt-right\" viewBox=\"0 0 448 512\" xmlns=\"http:\/\/www.w3.org\/2000\/svg\"><path d=\"M313.941 216H12c-6.627 0-12 5.373-12 12v56c0 6.627 5.373 12 12 12h301.941v46.059c0 21.382 25.851 32.09 40.971 16.971l86.059-86.059c9.373-9.373 9.373-24.569 0-33.941l-86.059-86.059c-15.119-15.119-40.971-4.411-40.971 16.971V216z\"><\/path><\/svg>\t\t\t\t\t\t<\/span>\n\t\t\t\t\t\t\t\t\t\t<span class=\"elementor-icon-list-text\">Aktuelles<\/span>\n\t\t\t\t\t\t\t\t\t<\/li>\n\t\t\t\t\t\t<\/ul>\n\t\t\t\t\t\t<\/div>\n\t\t\t\t<\/div>\n\t\t<div class=\"elementor-element elementor-element-e360575 e-con-full e-flex elementor-invisible e-con e-child\" data-id=\"e360575\" data-element_type=\"container\" data-e-type=\"container\" data-settings=\"{&quot;background_background&quot;:&quot;classic&quot;,&quot;animation&quot;:&quot;fadeInUp&quot;,&quot;animation_delay&quot;:400}\">\n\t\t\t\t<div class=\"elementor-element elementor-element-6b999eaf elementor-widget-divider--view-line elementor-widget elementor-widget-divider\" data-id=\"6b999eaf\" data-element_type=\"widget\" data-e-type=\"widget\" data-widget_type=\"divider.default\">\n\t\t\t\t<div class=\"elementor-widget-container\">\n\t\t\t\t\t\t\t<div class=\"elementor-divider\">\n\t\t\t<span class=\"elementor-divider-separator\">\n\t\t\t\t\t\t<\/span>\n\t\t<\/div>\n\t\t\t\t\t\t<\/div>\n\t\t\t\t<\/div>\n\t\t\t\t<\/div>\n\t\t\t\t\t<\/div>\n\t\t\t\t<\/div>\n\t\t<div class=\"elementor-element elementor-element-d110a32 e-flex e-con-boxed e-con e-parent\" data-id=\"d110a32\" data-element_type=\"container\" data-e-type=\"container\">\n\t\t\t\t\t<div class=\"e-con-inner\">\n\t\t\t\t<div class=\"elementor-element elementor-element-dfb09f3 elementor-widget elementor-widget-the-events-calendar-addon\" data-id=\"dfb09f3\" data-element_type=\"widget\" data-e-type=\"widget\" data-widget_type=\"the-events-calendar-addon.default\">\n\t\t\t\t<div class=\"elementor-widget-container\">\n\t\t\t\t\t<!=========Events list Template 1.7.3=========><script type=\"application\/ld+json\">\r\n[{\"@context\":\"http:\/\/schema.org\",\"@type\":\"Event\",\"name\":\"Vom Beobachten zum Handeln: \\u00dcberf\\u00e4llige Antworten auf China Speed\",\"description\":\"&lt;p&gt;Analyse der Erfolgsfaktoren und umsetzbare L\\u00f6sungen aus AM, Advanced Manufacturing und Next-Gen F\\u00fcgetechnologien Dienstag, 21. April 2026, 13\\u201320 Uhr (Einlass ab 12 Uhr) Mittwoch, 22. April 2026, 9\\u201313 Uhr (Einlass...&lt;\/p&gt;\\\\n\",\"url\":\"https:\/\/automotiveland.nrw\/en\/termine\/vom-beobachten-zum-handeln-ueberfaellige-antworten-auf-china-speed\/\",\"eventAttendanceMode\":\"https:\/\/schema.org\/OfflineEventAttendanceMode\",\"eventStatus\":\"https:\/\/schema.org\/EventScheduled\",\"startDate\":\"2026-04-21T13:00:00+00:00\",\"endDate\":\"2026-04-22T13:00:00+00:00\",\"location\":{\"@type\":\"Place\",\"name\":\"GSI Gesellschaft f\\u00fcr Schwei\\u00dftechnik International mbH Branch SLV Duisburg\",\"description\":\"\",\"url\":\"\",\"address\":{\"@type\":\"PostalAddress\",\"streetAddress\":\"Bismarckstr. 85\",\"addressLocality\":\"Duisburg\",\"postalCode\":\"47057\"},\"telephone\":\"+49 203 3781-0\",\"sameAs\":\"https:\/\/www.gsi-slv.de\/de\/ueber-uns\/unternehmen\/standorte\"},\"performer\":\"Organization\"}]\r\n<\/script><div id=\"ectbe-wrapper-dfb09f3\" class=\"ectbe-wrapper ectbe-list-wrapper style-2\"><div class=\"ectbe-month-header ectbe-simple-event\">April 2026<\/div><div id=\"event-4933\" class=\"ectbe-inner-wrapper ectbe-simple-event\"><div id=\"ectbe-date\" class=\"ectbe-date-area\">\n\t\t\t\t\t\t<span class=\"ectbe-ev-mo\">Apr<\/span>\n\t\t\t\t\t\t<span class=\"ectbe-ev-day\">21<\/span>\n\t\t\t\t\t<\/div><div class=\"ectbe-content-box\"><div class=\"ectbe-date-area\">\n                                <span class=\"ectbe-ev-day\">21<\/span>\n                                <span class=\"ectbe-ev-mo\">April<\/span>\n                                <span class=\"ectbe-ev-yr\">2026<\/span>\n                                <\/div><div class=\"ectbe-evt-title\"><a class=\"ectbe-evt-url\" href=\"https:\/\/automotiveland.nrw\/en\/termine\/vom-beobachten-zum-handeln-ueberfaellige-antworten-auf-china-speed\/\">Vom Beobachten zum Handeln: \u00dcberf\u00e4llige Antworten auf China Speed<\/a><\/div><div class=\"ectbe-evt-venue\"><span class=\"ectbe-icon\"><i class=\"ectbe-icon-location\" aria-hidden=\"true\"><\/i><\/span>\n\t\t\t\t\t\t<span class=\"ectbe-venue-details ectbe-address\">GSI Gesellschaft f\u00fcr Schwei\u00dftechnik International mbH Branch SLV Duisburg,<br><span class=\"tribe-address\">\n\n<span class=\"tribe-street-address\">Bismarckstr. 85<\/span>\n\t\n\t\t<br>\n\t\t<span class=\"tribe-locality\">Duisburg<\/span><span class=\"tribe-delimiter\">,<\/span>\n\n\n\t<span class=\"tribe-postal-code\">47057<\/span>\n\n\n<\/span>\n<\/span><\/div><div class=\"ectbe-evt-description\"><p>Analyse der Erfolgsfaktoren und umsetzbare L\u00f6sungen aus AM, Advanced Manufacturing und Next-Gen F\u00fcgetechnologien Dienstag, 21. April 2026, 13\u201320 Uhr (Einlass ab 12 Uhr) Mittwoch, 22. April 2026, 9\u201313 Uhr (Einlass...<\/p>\n<\/div><div class=\"ectbe-evt-more-box\"><a class=\"ectbe-evt-read-more\" href=\"https:\/\/automotiveland.nrw\/en\/termine\/vom-beobachten-zum-handeln-ueberfaellige-antworten-auf-china-speed\/\">Find out more<\/a><\/div><\/div><\/div><\/div>\t\t\t\t<\/div>\n\t\t\t\t<\/div>\n\t\t\t\t\t<\/div>\n\t\t\t\t<\/div>\n\t\t<div class=\"elementor-element elementor-element-3094181 e-flex e-con-boxed e-con e-parent\" data-id=\"3094181\" data-element_type=\"container\" data-e-type=\"container\">\n\t\t\t\t\t<div class=\"e-con-inner\">\n\t\t<div class=\"elementor-element elementor-element-1b38fef e-con-full e-flex elementor-invisible e-con e-child\" data-id=\"1b38fef\" data-element_type=\"container\" data-e-type=\"container\" data-settings=\"{&quot;background_background&quot;:&quot;classic&quot;,&quot;animation&quot;:&quot;fadeInUp&quot;}\">\n\t\t<div class=\"elementor-element elementor-element-1dc99a6 e-con-full e-flex e-con e-child\" data-id=\"1dc99a6\" data-element_type=\"container\" data-e-type=\"container\">\n\t\t\t\t<div class=\"elementor-element elementor-element-3d24de7 elementor-widget__width-auto elementor-invisible elementor-widget elementor-widget-heading\" data-id=\"3d24de7\" data-element_type=\"widget\" data-e-type=\"widget\" data-settings=\"{&quot;_animation&quot;:&quot;fadeInUp&quot;}\" data-widget_type=\"heading.default\">\n\t\t\t\t<div class=\"elementor-widget-container\">\n\t\t\t\t\t<p class=\"elementor-heading-title elementor-size-default\">Newsletter<\/p>\t\t\t\t<\/div>\n\t\t\t\t<\/div>\n\t\t\t\t<div class=\"elementor-element elementor-element-c75f87c elementor-widget__width-inherit elementor-invisible elementor-widget elementor-widget-heading\" data-id=\"c75f87c\" data-element_type=\"widget\" data-e-type=\"widget\" data-settings=\"{&quot;_animation&quot;:&quot;fadeInUp&quot;}\" data-widget_type=\"heading.default\">\n\t\t\t\t<div class=\"elementor-widget-container\">\n\t\t\t\t\t<h2 class=\"elementor-heading-title elementor-size-default\">M\u00f6chten Sie \u00fcber unsere Aktivit\u00e4ten informiert bleiben?<\/h2>\t\t\t\t<\/div>\n\t\t\t\t<\/div>\n\t\t\t\t<div class=\"elementor-element elementor-element-554bd35 elementor-widget__width-inherit elementor-invisible elementor-widget elementor-widget-text-editor\" data-id=\"554bd35\" data-element_type=\"widget\" data-e-type=\"widget\" data-settings=\"{&quot;_animation&quot;:&quot;fadeInUp&quot;,&quot;_animation_delay&quot;:400}\" data-widget_type=\"text-editor.default\">\n\t\t\t\t<div class=\"elementor-widget-container\">\n\t\t\t\t\t\t\t\t\t<p>Melden Sie sich jetzt f\u00fcr unseren Newsletter an und lesen sie alles zu aktuellen Themen<br \/>von automotiveland.nrw!<\/p>\t\t\t\t\t\t\t\t<\/div>\n\t\t\t\t<\/div>\n\t\t\t\t<div class=\"elementor-element elementor-element-8857a03 elementor-invisible elementor-widget elementor-widget-button\" data-id=\"8857a03\" data-element_type=\"widget\" data-e-type=\"widget\" data-settings=\"{&quot;_animation&quot;:&quot;fadeInUp&quot;,&quot;_animation_delay&quot;:700}\" data-widget_type=\"button.default\">\n\t\t\t\t<div class=\"elementor-widget-container\">\n\t\t\t\t\t\t\t\t\t<div class=\"elementor-button-wrapper\">\n\t\t\t\t\t<a class=\"elementor-button elementor-button-link elementor-size-sm\" href=\"https:\/\/automotiveland.nrw\/newsletter\/\">\n\t\t\t\t\t\t<span class=\"elementor-button-content-wrapper\">\n\t\t\t\t\t\t\t\t\t<span class=\"elementor-button-text\">Jetzt anmelden<\/span>\n\t\t\t\t\t<\/span>\n\t\t\t\t\t<\/a>\n\t\t\t\t<\/div>\n\t\t\t\t\t\t\t\t<\/div>\n\t\t\t\t<\/div>\n\t\t\t\t<\/div>\n\t\t<div class=\"elementor-element elementor-element-ca83922 e-con-full e-grid e-con e-child\" data-id=\"ca83922\" data-element_type=\"container\" data-e-type=\"container\">\n\t\t<div class=\"elementor-element elementor-element-8a05839 e-flex e-con-boxed elementor-invisible e-con e-child\" data-id=\"8a05839\" data-element_type=\"container\" data-e-type=\"container\" data-settings=\"{&quot;animation&quot;:&quot;fadeInUp&quot;,&quot;animation_delay&quot;:200}\">\n\t\t\t\t\t<div class=\"e-con-inner\">\n\t\t\t\t<div class=\"elementor-element elementor-element-eb10a95 elementor-widget elementor-widget-image\" data-id=\"eb10a95\" data-element_type=\"widget\" data-e-type=\"widget\" data-widget_type=\"image.default\">\n\t\t\t\t<div class=\"elementor-widget-container\">\n\t\t\t\t\t\t\t\t\t\t\t\t\t\t\t<img fetchpriority=\"high\" decoding=\"async\" width=\"683\" height=\"1024\" src=\"https:\/\/automotiveland.nrw\/wp-content\/uploads\/2024\/07\/6-1-2-683x1024.jpg\" class=\"attachment-large size-large wp-image-1179\" alt=\"\" srcset=\"https:\/\/automotiveland.nrw\/wp-content\/uploads\/2024\/07\/6-1-2-683x1024.jpg 683w, https:\/\/automotiveland.nrw\/wp-content\/uploads\/2024\/07\/6-1-2-200x300.jpg 200w, https:\/\/automotiveland.nrw\/wp-content\/uploads\/2024\/07\/6-1-2-768x1152.jpg 768w, https:\/\/automotiveland.nrw\/wp-content\/uploads\/2024\/07\/6-1-2-1024x1536.jpg 1024w, https:\/\/automotiveland.nrw\/wp-content\/uploads\/2024\/07\/6-1-2-1365x2048.jpg 1365w, https:\/\/automotiveland.nrw\/wp-content\/uploads\/2024\/07\/6-1-2-scaled.jpg 1707w\" sizes=\"(max-width: 683px) 100vw, 683px\" \/>\t\t\t\t\t\t\t\t\t\t\t\t\t\t\t<\/div>\n\t\t\t\t<\/div>\n\t\t\t\t\t<\/div>\n\t\t\t\t<\/div>\n\t\t<div class=\"elementor-element elementor-element-3aa91ab e-flex e-con-boxed elementor-invisible e-con e-child\" data-id=\"3aa91ab\" data-element_type=\"container\" data-e-type=\"container\" data-settings=\"{&quot;animation&quot;:&quot;fadeInUp&quot;,&quot;animation_delay&quot;:300}\">\n\t\t\t\t\t<div class=\"e-con-inner\">\n\t\t\t\t<div class=\"elementor-element elementor-element-85512ca elementor-widget elementor-widget-image\" data-id=\"85512ca\" data-element_type=\"widget\" data-e-type=\"widget\" data-widget_type=\"image.default\">\n\t\t\t\t<div class=\"elementor-widget-container\">\n\t\t\t\t\t\t\t\t\t\t\t\t\t\t\t<img decoding=\"async\" width=\"683\" height=\"1024\" src=\"https:\/\/automotiveland.nrw\/wp-content\/uploads\/2024\/07\/7-1-683x1024.jpg\" class=\"attachment-large size-large wp-image-1183\" alt=\"\" srcset=\"https:\/\/automotiveland.nrw\/wp-content\/uploads\/2024\/07\/7-1-683x1024.jpg 683w, https:\/\/automotiveland.nrw\/wp-content\/uploads\/2024\/07\/7-1-200x300.jpg 200w, https:\/\/automotiveland.nrw\/wp-content\/uploads\/2024\/07\/7-1-768x1152.jpg 768w, https:\/\/automotiveland.nrw\/wp-content\/uploads\/2024\/07\/7-1-1024x1536.jpg 1024w, https:\/\/automotiveland.nrw\/wp-content\/uploads\/2024\/07\/7-1-1365x2048.jpg 1365w, https:\/\/automotiveland.nrw\/wp-content\/uploads\/2024\/07\/7-1-scaled.jpg 1707w\" sizes=\"(max-width: 683px) 100vw, 683px\" \/>\t\t\t\t\t\t\t\t\t\t\t\t\t\t\t<\/div>\n\t\t\t\t<\/div>\n\t\t\t\t\t<\/div>\n\t\t\t\t<\/div>\n\t\t<div class=\"elementor-element elementor-element-40974bf e-flex e-con-boxed elementor-invisible e-con e-child\" data-id=\"40974bf\" data-element_type=\"container\" data-e-type=\"container\" data-settings=\"{&quot;animation&quot;:&quot;fadeInUp&quot;,&quot;animation_delay&quot;:400}\">\n\t\t\t\t\t<div class=\"e-con-inner\">\n\t\t\t\t<div class=\"elementor-element elementor-element-fe40d07 elementor-widget elementor-widget-image\" data-id=\"fe40d07\" data-element_type=\"widget\" data-e-type=\"widget\" data-widget_type=\"image.default\">\n\t\t\t\t<div class=\"elementor-widget-container\">\n\t\t\t\t\t\t\t\t\t\t\t\t\t\t\t<img decoding=\"async\" width=\"683\" height=\"1024\" src=\"https:\/\/automotiveland.nrw\/wp-content\/uploads\/2024\/07\/8-1-683x1024.jpg\" class=\"attachment-large size-large wp-image-1187\" alt=\"\" srcset=\"https:\/\/automotiveland.nrw\/wp-content\/uploads\/2024\/07\/8-1-683x1024.jpg 683w, https:\/\/automotiveland.nrw\/wp-content\/uploads\/2024\/07\/8-1-200x300.jpg 200w, https:\/\/automotiveland.nrw\/wp-content\/uploads\/2024\/07\/8-1-768x1152.jpg 768w, https:\/\/automotiveland.nrw\/wp-content\/uploads\/2024\/07\/8-1-1024x1536.jpg 1024w, https:\/\/automotiveland.nrw\/wp-content\/uploads\/2024\/07\/8-1-1365x2048.jpg 1365w, https:\/\/automotiveland.nrw\/wp-content\/uploads\/2024\/07\/8-1-scaled.jpg 1707w\" sizes=\"(max-width: 683px) 100vw, 683px\" \/>\t\t\t\t\t\t\t\t\t\t\t\t\t\t\t<\/div>\n\t\t\t\t<\/div>\n\t\t\t\t\t<\/div>\n\t\t\t\t<\/div>\n\t\t\t\t<\/div>\n\t\t\t\t<\/div>\n\t\t\t\t\t<\/div>\n\t\t\t\t<\/div>\n\t\t<div class=\"elementor-element elementor-element-0ad7a70 elementor-hidden-desktop elementor-hidden-tablet elementor-hidden-mobile e-flex e-con-boxed e-con e-parent\" data-id=\"0ad7a70\" data-element_type=\"container\" data-e-type=\"container\">\n\t\t\t\t\t<div class=\"e-con-inner\">\n\t\t<div class=\"elementor-element elementor-element-eca6b59 e-con-full e-flex elementor-invisible e-con e-child\" data-id=\"eca6b59\" data-element_type=\"container\" data-e-type=\"container\" data-settings=\"{&quot;background_background&quot;:&quot;classic&quot;,&quot;animation&quot;:&quot;fadeInUp&quot;}\">\n\t\t<div class=\"elementor-element elementor-element-96f4c0e e-con-full e-flex e-con e-child\" data-id=\"96f4c0e\" data-element_type=\"container\" data-e-type=\"container\">\n\t\t\t\t<div class=\"elementor-element elementor-element-0b909ee elementor-widget__width-auto elementor-invisible elementor-widget elementor-widget-heading\" data-id=\"0b909ee\" data-element_type=\"widget\" data-e-type=\"widget\" data-settings=\"{&quot;_animation&quot;:&quot;fadeInUp&quot;}\" data-widget_type=\"heading.default\">\n\t\t\t\t<div class=\"elementor-widget-container\">\n\t\t\t\t\t<p class=\"elementor-heading-title elementor-size-default\">Newsletter<\/p>\t\t\t\t<\/div>\n\t\t\t\t<\/div>\n\t\t\t\t<div class=\"elementor-element elementor-element-9065d81 elementor-widget__width-inherit elementor-invisible elementor-widget elementor-widget-heading\" data-id=\"9065d81\" data-element_type=\"widget\" data-e-type=\"widget\" data-settings=\"{&quot;_animation&quot;:&quot;fadeInUp&quot;}\" data-widget_type=\"heading.default\">\n\t\t\t\t<div class=\"elementor-widget-container\">\n\t\t\t\t\t<h2 class=\"elementor-heading-title elementor-size-default\">M\u00f6chten Sie \u00fcber unsere Aktivit\u00e4ten informiert bleiben?<\/h2>\t\t\t\t<\/div>\n\t\t\t\t<\/div>\n\t\t\t\t<div class=\"elementor-element elementor-element-70d067d elementor-widget__width-inherit elementor-invisible elementor-widget elementor-widget-text-editor\" data-id=\"70d067d\" data-element_type=\"widget\" data-e-type=\"widget\" data-settings=\"{&quot;_animation&quot;:&quot;fadeInUp&quot;,&quot;_animation_delay&quot;:400}\" data-widget_type=\"text-editor.default\">\n\t\t\t\t<div class=\"elementor-widget-container\">\n\t\t\t\t\t\t\t\t\tMelden Sie sich jetzt f\u00fcr unseren Newsletter an und lesen sie alles zu aktuellen Themen\nvon automotiveland.nrw.\t\t\t\t\t\t\t\t<\/div>\n\t\t\t\t<\/div>\n\t\t\t\t<div class=\"elementor-element elementor-element-2756058 elementor-invisible elementor-widget elementor-widget-button\" data-id=\"2756058\" data-element_type=\"widget\" data-e-type=\"widget\" data-settings=\"{&quot;_animation&quot;:&quot;fadeInUp&quot;,&quot;_animation_delay&quot;:700}\" data-widget_type=\"button.default\">\n\t\t\t\t<div class=\"elementor-widget-container\">\n\t\t\t\t\t\t\t\t\t<div class=\"elementor-button-wrapper\">\n\t\t\t\t\t<a class=\"elementor-button elementor-button-link elementor-size-sm\" href=\"https:\/\/automotiveland.nrw\/newsletter\/\">\n\t\t\t\t\t\t<span class=\"elementor-button-content-wrapper\">\n\t\t\t\t\t\t\t\t\t<span class=\"elementor-button-text\">Jetzt anmelden<\/span>\n\t\t\t\t\t<\/span>\n\t\t\t\t\t<\/a>\n\t\t\t\t<\/div>\n\t\t\t\t\t\t\t\t<\/div>\n\t\t\t\t<\/div>\n\t\t\t\t<\/div>\n\t\t<div class=\"elementor-element elementor-element-d3420b0 e-con-full e-flex e-con e-child\" data-id=\"d3420b0\" data-element_type=\"container\" data-e-type=\"container\">\n\t\t<div class=\"elementor-element elementor-element-43b3136 e-flex e-con-boxed elementor-invisible e-con e-child\" data-id=\"43b3136\" data-element_type=\"container\" data-e-type=\"container\" data-settings=\"{&quot;animation&quot;:&quot;fadeInUp&quot;,&quot;animation_delay&quot;:200}\">\n\t\t\t\t\t<div class=\"e-con-inner\">\n\t\t\t\t<div class=\"elementor-element elementor-element-d79a148 elementor-widget elementor-widget-image\" data-id=\"d79a148\" data-element_type=\"widget\" data-e-type=\"widget\" data-widget_type=\"image.default\">\n\t\t\t\t<div class=\"elementor-widget-container\">\n\t\t\t\t\t\t\t\t\t\t\t\t\t\t\t<img loading=\"lazy\" decoding=\"async\" width=\"683\" height=\"1024\" src=\"https:\/\/automotiveland.nrw\/wp-content\/uploads\/2024\/04\/young-people-in-the-office-2ZTDX4M-683x1024.jpg\" class=\"attachment-large size-large wp-image-124\" alt=\"\" srcset=\"https:\/\/automotiveland.nrw\/wp-content\/uploads\/2024\/04\/young-people-in-the-office-2ZTDX4M-683x1024.jpg 683w, https:\/\/automotiveland.nrw\/wp-content\/uploads\/2024\/04\/young-people-in-the-office-2ZTDX4M-200x300.jpg 200w, https:\/\/automotiveland.nrw\/wp-content\/uploads\/2024\/04\/young-people-in-the-office-2ZTDX4M-768x1152.jpg 768w, https:\/\/automotiveland.nrw\/wp-content\/uploads\/2024\/04\/young-people-in-the-office-2ZTDX4M.jpg 1000w\" sizes=\"(max-width: 683px) 100vw, 683px\" \/>\t\t\t\t\t\t\t\t\t\t\t\t\t\t\t<\/div>\n\t\t\t\t<\/div>\n\t\t\t\t\t<\/div>\n\t\t\t\t<\/div>\n\t\t<div class=\"elementor-element elementor-element-8c73dc3 e-flex e-con-boxed elementor-invisible e-con e-child\" data-id=\"8c73dc3\" data-element_type=\"container\" data-e-type=\"container\" data-settings=\"{&quot;animation&quot;:&quot;fadeInUp&quot;,&quot;animation_delay&quot;:300}\">\n\t\t\t\t\t<div class=\"e-con-inner\">\n\t\t\t\t<div class=\"elementor-element elementor-element-a585d1f elementor-widget elementor-widget-image\" data-id=\"a585d1f\" data-element_type=\"widget\" data-e-type=\"widget\" data-widget_type=\"image.default\">\n\t\t\t\t<div class=\"elementor-widget-container\">\n\t\t\t\t\t\t\t\t\t\t\t\t\t\t\t<img loading=\"lazy\" decoding=\"async\" width=\"683\" height=\"1024\" src=\"https:\/\/automotiveland.nrw\/wp-content\/uploads\/2024\/04\/sexy-african-american-businesswoman-holding-glasse-QS5N46G-683x1024.jpg\" class=\"attachment-large size-large wp-image-123\" alt=\"\" srcset=\"https:\/\/automotiveland.nrw\/wp-content\/uploads\/2024\/04\/sexy-african-american-businesswoman-holding-glasse-QS5N46G-683x1024.jpg 683w, https:\/\/automotiveland.nrw\/wp-content\/uploads\/2024\/04\/sexy-african-american-businesswoman-holding-glasse-QS5N46G-200x300.jpg 200w, https:\/\/automotiveland.nrw\/wp-content\/uploads\/2024\/04\/sexy-african-american-businesswoman-holding-glasse-QS5N46G-768x1152.jpg 768w, https:\/\/automotiveland.nrw\/wp-content\/uploads\/2024\/04\/sexy-african-american-businesswoman-holding-glasse-QS5N46G.jpg 1000w\" sizes=\"(max-width: 683px) 100vw, 683px\" \/>\t\t\t\t\t\t\t\t\t\t\t\t\t\t\t<\/div>\n\t\t\t\t<\/div>\n\t\t\t\t\t<\/div>\n\t\t\t\t<\/div>\n\t\t<div class=\"elementor-element elementor-element-cbb181c e-flex e-con-boxed elementor-invisible e-con e-child\" data-id=\"cbb181c\" data-element_type=\"container\" data-e-type=\"container\" data-settings=\"{&quot;animation&quot;:&quot;fadeInUp&quot;,&quot;animation_delay&quot;:400}\">\n\t\t\t\t\t<div class=\"e-con-inner\">\n\t\t\t\t<div class=\"elementor-element elementor-element-ccc3ff4 elementor-widget elementor-widget-image\" data-id=\"ccc3ff4\" data-element_type=\"widget\" data-e-type=\"widget\" data-widget_type=\"image.default\">\n\t\t\t\t<div class=\"elementor-widget-container\">\n\t\t\t\t\t\t\t\t\t\t\t\t\t\t\t<img loading=\"lazy\" decoding=\"async\" width=\"683\" height=\"1024\" src=\"https:\/\/automotiveland.nrw\/wp-content\/uploads\/2024\/04\/business-people-working-in-team-S9VAU2H-683x1024.jpg\" class=\"attachment-large size-large wp-image-122\" alt=\"\" srcset=\"https:\/\/automotiveland.nrw\/wp-content\/uploads\/2024\/04\/business-people-working-in-team-S9VAU2H-683x1024.jpg 683w, https:\/\/automotiveland.nrw\/wp-content\/uploads\/2024\/04\/business-people-working-in-team-S9VAU2H-200x300.jpg 200w, https:\/\/automotiveland.nrw\/wp-content\/uploads\/2024\/04\/business-people-working-in-team-S9VAU2H-768x1152.jpg 768w, https:\/\/automotiveland.nrw\/wp-content\/uploads\/2024\/04\/business-people-working-in-team-S9VAU2H.jpg 1000w\" sizes=\"(max-width: 683px) 100vw, 683px\" \/>\t\t\t\t\t\t\t\t\t\t\t\t\t\t\t<\/div>\n\t\t\t\t<\/div>\n\t\t\t\t\t<\/div>\n\t\t\t\t<\/div>\n\t\t\t\t<\/div>\n\t\t\t\t<\/div>\n\t\t\t\t\t<\/div>\n\t\t\t\t<\/div>\n\t\t\t\t<\/div>\n\t\t","protected":false},"excerpt":{"rendered":"<p>Aktuelles Home Aktuelles There is no Event Newsletter M\u00f6chten Sie \u00fcber unsere Aktivit\u00e4ten informiert bleiben? Melden Sie sich jetzt f\u00fcr unseren Newsletter an und lesen sie alles zu aktuellen Themenvon&#8230;<\/p>","protected":false},"author":1,"featured_media":0,"parent":0,"menu_order":0,"comment_status":"closed","ping_status":"closed","template":"","meta":{"episode_type":"","audio_file":"","podmotor_file_id":"","podmotor_episode_id":"","cover_image":"","cover_image_id":"","duration":"","filesize":"","filesize_raw":"","date_recorded":"","explicit":"","block":"","itunes_episode_number":"","itunes_title":"","itunes_season_number":"","itunes_episode_type":"","_kad_post_transparent":"","_kad_post_title":"hide","_kad_post_layout":"fullwidth","_kad_post_sidebar_id":"","_kad_post_content_style":"unboxed","_kad_post_vertical_padding":"hide","_kad_post_feature":"hide","_kad_post_feature_position":"","_kad_post_header":false,"_kad_post_footer":false,"_kad_post_classname":"","footnotes":""},"class_list":["post-47","page","type-page","status-publish","hentry"],"_links":{"self":[{"href":"https:\/\/automotiveland.nrw\/en\/wp-json\/wp\/v2\/pages\/47","targetHints":{"allow":["GET"]}}],"collection":[{"href":"https:\/\/automotiveland.nrw\/en\/wp-json\/wp\/v2\/pages"}],"about":[{"href":"https:\/\/automotiveland.nrw\/en\/wp-json\/wp\/v2\/types\/page"}],"author":[{"embeddable":true,"href":"https:\/\/automotiveland.nrw\/en\/wp-json\/wp\/v2\/users\/1"}],"replies":[{"embeddable":true,"href":"https:\/\/automotiveland.nrw\/en\/wp-json\/wp\/v2\/comments?post=47"}],"version-history":[{"count":0,"href":"https:\/\/automotiveland.nrw\/en\/wp-json\/wp\/v2\/pages\/47\/revisions"}],"wp:attachment":[{"href":"https:\/\/automotiveland.nrw\/en\/wp-json\/wp\/v2\/media?parent=47"}],"curies":[{"name":"wp","href":"https:\/\/api.w.org\/{rel}","templated":true}]}}