{"id":4900,"date":"2026-04-08T06:43:11","date_gmt":"2026-04-08T06:43:11","guid":{"rendered":"https:\/\/automotiveland.nrw\/?page_id=4900"},"modified":"2026-04-09T07:48:30","modified_gmt":"2026-04-09T07:48:30","slug":"initiativen","status":"publish","type":"page","link":"https:\/\/automotiveland.nrw\/en\/aktuelles\/initiativen\/","title":{"rendered":"Initiativen"},"content":{"rendered":"\t\t<div data-elementor-type=\"wp-page\" data-elementor-id=\"4900\" class=\"elementor elementor-4900\" data-elementor-post-type=\"page\">\n\t\t\t\t<div class=\"elementor-element elementor-element-7974e633 e-flex e-con-boxed e-con e-parent\" data-id=\"7974e633\" data-element_type=\"container\" data-e-type=\"container\">\n\t\t\t\t\t<div class=\"e-con-inner\">\n\t\t\t\t<div class=\"elementor-element elementor-element-7e829e07 elementor-widget elementor-widget-text-editor\" data-id=\"7e829e07\" data-element_type=\"widget\" data-e-type=\"widget\" data-widget_type=\"text-editor.default\">\n\t\t\t\t<div class=\"elementor-widget-container\">\n\t\t\t\t\t\t\t\t\t<h2>Aktuelle Highlights<\/h2><p>Auf dieser Seite entdecken Sie inspirierende Initiativen unserer F\u00f6rdermitglieder und Mitglieder aus der Automobil- und Mobilit\u00e4tsbranche in NRW. Ob innovative Projekte zur nachhaltigen Transformation, spannende Netzwerke zum Austausch oder konkrete Handlungsans\u00e4tze zum Mitmachen \u2013 hier finden Sie Anregungen, Impulse und M\u00f6glichkeiten, sich aktiv einzubringen. Entdecken Sie die Vielfalt unserer Partnerschaft!<\/p>\t\t\t\t\t\t\t\t<\/div>\n\t\t\t\t<\/div>\n\t\t\t\t<div class=\"elementor-element elementor-element-04cd275 elementor-widget elementor-widget-spacer\" data-id=\"04cd275\" data-element_type=\"widget\" data-e-type=\"widget\" data-widget_type=\"spacer.default\">\n\t\t\t\t<div class=\"elementor-widget-container\">\n\t\t\t\t\t\t\t<div class=\"elementor-spacer\">\n\t\t\t<div class=\"elementor-spacer-inner\"><\/div>\n\t\t<\/div>\n\t\t\t\t\t\t<\/div>\n\t\t\t\t<\/div>\n\t\t\t\t\t<\/div>\n\t\t\t\t<\/div>\n\t\t<div class=\"elementor-element elementor-element-19f8476 e-flex e-con-boxed e-con e-parent\" data-id=\"19f8476\" data-element_type=\"container\" data-e-type=\"container\">\n\t\t\t\t\t<div class=\"e-con-inner\">\n\t\t<div class=\"elementor-element elementor-element-b70cc70 e-grid e-con-full e-con e-child\" data-id=\"b70cc70\" data-element_type=\"container\" data-e-type=\"container\">\n\t\t\t\t<div class=\"elementor-element elementor-element-86623cd elementor-widget elementor-widget-image\" data-id=\"86623cd\" data-element_type=\"widget\" data-e-type=\"widget\" data-widget_type=\"image.default\">\n\t\t\t\t<div class=\"elementor-widget-container\">\n\t\t\t\t\t\t\t\t\t\t\t\t\t\t\t<img fetchpriority=\"high\" decoding=\"async\" width=\"494\" height=\"329\" src=\"https:\/\/automotiveland.nrw\/wp-content\/uploads\/2026\/04\/galleryIMG55471_mod.jpg\" class=\"attachment-medium_large size-medium_large wp-image-4906\" alt=\"\" srcset=\"https:\/\/automotiveland.nrw\/wp-content\/uploads\/2026\/04\/galleryIMG55471_mod.jpg 494w, https:\/\/automotiveland.nrw\/wp-content\/uploads\/2026\/04\/galleryIMG55471_mod-300x200.jpg 300w, https:\/\/automotiveland.nrw\/wp-content\/uploads\/2026\/04\/galleryIMG55471_mod-18x12.jpg 18w\" sizes=\"(max-width: 494px) 100vw, 494px\" \/>\t\t\t\t\t\t\t\t\t\t\t\t\t\t\t<\/div>\n\t\t\t\t<\/div>\n\t\t\t\t<div class=\"elementor-element elementor-element-e8c955b elementor-widget elementor-widget-text-editor\" data-id=\"e8c955b\" data-element_type=\"widget\" data-e-type=\"widget\" data-widget_type=\"text-editor.default\">\n\t\t\t\t<div class=\"elementor-widget-container\">\n\t\t\t\t\t\t\t\t\t<h3 id=\"umatos--stahlschalenbauweise-neu-gedacht-fr-den-un\" class=\"font-editorial font-bold mb-2 mt-4 [.has-inline-images_&amp;]:clear-end text-base first:mt-0\">UMAToS \u2013 Stahlschalenbauweise neu gedacht f\u00fcr den Unboxed-Prozess<\/h3><h6>Beteiligung gesucht<\/h6><p class=\"my-2 [&amp;+p]:mt-4 [&amp;_strong:has(+br)]:inline-block [&amp;_strong:has(+br)]:pb-2\">Mit <strong>UMAToS<\/strong> startet das Automotive Center S\u00fcdwestfalen (acs) 2026 ein Gemeinschaftsprojekt, das die Chancen und Herausforderungen des <strong>Unboxed-Prozesses<\/strong> gezielt f\u00fcr die bew\u00e4hrte <strong>Stahlschalenbauweise<\/strong> untersucht. Im Mittelpunkt steht die Frage, wie sich bestehende Konstruktions- und Fertigungsans\u00e4tze unter neuen Produktionslogiken weiterentwickeln lassen \u2013 als praxisnahe Alternative zum Gigacasting.<\/p><ul><li><strong>Ziel:<\/strong> Analyse und Weiterentwicklung heutiger Schalenbauweisen f\u00fcr die Anforderungen der Unboxed-Strategie, inklusive F\u00fcgefolgen, thermischer Einfl\u00fcsse und Toleranzanforderungen.<\/li><li class=\"my-2 [&amp;+p]:mt-4 [&amp;_strong:has(+br)]:inline-block [&amp;_strong:has(+br)]:pb-2\"><strong>Angebot:<\/strong> Austausch im Experten-Netzwerk, gemeinsame inhaltliche Gestaltung sowie Arbeit auf Basis eines hochwertigen Simulationsmodells des Tesla Model Y 2020 von Caresoft Global.<\/li><li class=\"my-2 [&amp;+p]:mt-4 [&amp;_strong:has(+br)]:inline-block [&amp;_strong:has(+br)]:pb-2\"><strong>N\u00e4chster Schritt:<\/strong> Jetzt informieren und Beteiligungsm\u00f6glichkeiten pr\u00fcfen \u2013 Projektstart ist <strong>Q1\/2026<\/strong>, die Laufzeit betr\u00e4gt <strong>18 Monate<\/strong>.<\/li><li class=\"my-2 [&amp;+p]:mt-4 [&amp;_strong:has(+br)]:inline-block [&amp;_strong:has(+br)]:pb-2\"><strong>Projektkosten:<\/strong> 19.000 \u20ac f\u00fcr das erste Projektjahr (12 Monate), 6.250 \u20ac f\u00fcr das zweite Projektjahr (6 Monate).<\/li><\/ul><p><a href=\"https:\/\/www.acs-innovations.de\/fileadmin\/user_upload\/Aktuelles\/Verbundprojekte\/20260114_Skizze_UMAToS_0004765.pdf\" target=\"_blank\" rel=\"noopener\">Projektskizze &amp; Ansprechpartner<\/a><\/p>\t\t\t\t\t\t\t\t<\/div>\n\t\t\t\t<\/div>\n\t\t\t\t<div class=\"elementor-element elementor-element-51ef3ae elementor-widget elementor-widget-text-editor\" data-id=\"51ef3ae\" data-element_type=\"widget\" data-e-type=\"widget\" data-widget_type=\"text-editor.default\">\n\t\t\t\t<div class=\"elementor-widget-container\">\n\t\t\t\t\t\t\t\t\t<p><strong>Weitere spannende Initiativen unserer Partner folgen in K\u00fcrze.<\/strong><\/p>\t\t\t\t\t\t\t\t<\/div>\n\t\t\t\t<\/div>\n\t\t\t\t<\/div>\n\t\t\t\t\t<\/div>\n\t\t\t\t<\/div>\n\t\t\t\t<\/div>\n\t\t","protected":false},"excerpt":{"rendered":"<p>Aktuelle Highlights Auf dieser Seite entdecken Sie inspirierende Initiativen unserer F\u00f6rdermitglieder und Mitglieder aus der Automobil- und Mobilit\u00e4tsbranche in NRW. Ob innovative Projekte zur nachhaltigen Transformation, spannende Netzwerke zum Austausch&#8230;<\/p>","protected":false},"author":14,"featured_media":0,"parent":47,"menu_order":0,"comment_status":"closed","ping_status":"closed","template":"","meta":{"episode_type":"","audio_file":"","podmotor_file_id":"","podmotor_episode_id":"","cover_image":"","cover_image_id":"","duration":"","filesize":"","filesize_raw":"","date_recorded":"","explicit":"","block":"","itunes_episode_number":"","itunes_title":"","itunes_season_number":"","itunes_episode_type":"","_kad_post_transparent":"default","_kad_post_title":"default","_kad_post_layout":"default","_kad_post_sidebar_id":"","_kad_post_content_style":"default","_kad_post_vertical_padding":"default","_kad_post_feature":"","_kad_post_feature_position":"","_kad_post_header":false,"_kad_post_footer":false,"_kad_post_classname":"","footnotes":""},"class_list":["post-4900","page","type-page","status-publish","hentry"],"_links":{"self":[{"href":"https:\/\/automotiveland.nrw\/en\/wp-json\/wp\/v2\/pages\/4900","targetHints":{"allow":["GET"]}}],"collection":[{"href":"https:\/\/automotiveland.nrw\/en\/wp-json\/wp\/v2\/pages"}],"about":[{"href":"https:\/\/automotiveland.nrw\/en\/wp-json\/wp\/v2\/types\/page"}],"author":[{"embeddable":true,"href":"https:\/\/automotiveland.nrw\/en\/wp-json\/wp\/v2\/users\/14"}],"replies":[{"embeddable":true,"href":"https:\/\/automotiveland.nrw\/en\/wp-json\/wp\/v2\/comments?post=4900"}],"version-history":[{"count":13,"href":"https:\/\/automotiveland.nrw\/en\/wp-json\/wp\/v2\/pages\/4900\/revisions"}],"predecessor-version":[{"id":4918,"href":"https:\/\/automotiveland.nrw\/en\/wp-json\/wp\/v2\/pages\/4900\/revisions\/4918"}],"up":[{"embeddable":true,"href":"https:\/\/automotiveland.nrw\/en\/wp-json\/wp\/v2\/pages\/47"}],"wp:attachment":[{"href":"https:\/\/automotiveland.nrw\/en\/wp-json\/wp\/v2\/media?parent=4900"}],"curies":[{"name":"wp","href":"https:\/\/api.w.org\/{rel}","templated":true}]}}