{"id":4987,"date":"2026-05-05T11:17:21","date_gmt":"2026-05-05T11:17:21","guid":{"rendered":"https:\/\/automotiveland.nrw\/?page_id=4987"},"modified":"2026-05-12T07:16:07","modified_gmt":"2026-05-12T07:16:07","slug":"podcast-drivetime","status":"publish","type":"page","link":"https:\/\/automotiveland.nrw\/en\/aktuelles\/podcast-drivetime\/","title":{"rendered":"Podcast &#8222;DriveTime&#8220;"},"content":{"rendered":"<div data-elementor-type=\"wp-page\" data-elementor-id=\"4987\" class=\"elementor elementor-4987\" data-elementor-post-type=\"page\">\n\t\t\t\t<div class=\"elementor-element elementor-element-5ba86151 e-flex e-con-boxed e-con e-parent\" data-id=\"5ba86151\" data-element_type=\"container\" data-e-type=\"container\">\n\t\t\t\t\t<div class=\"e-con-inner\">\n\t\t\t\t<div class=\"elementor-element elementor-element-ae3df60 elementor-widget elementor-widget-image\" data-id=\"ae3df60\" data-element_type=\"widget\" data-e-type=\"widget\" data-widget_type=\"image.default\">\n\t\t\t\t<div class=\"elementor-widget-container\">\n\t\t\t\t\t\t\t\t\t\t\t\t\t\t\t<img fetchpriority=\"high\" decoding=\"async\" width=\"1024\" height=\"307\" src=\"https:\/\/automotiveland.nrw\/wp-content\/uploads\/2026\/05\/aln_drivetime_header.jpg-1024x307.jpeg\" class=\"attachment-large size-large wp-image-4991\" alt=\"\" srcset=\"https:\/\/automotiveland.nrw\/wp-content\/uploads\/2026\/05\/aln_drivetime_header.jpg-1024x307.jpeg 1024w, https:\/\/automotiveland.nrw\/wp-content\/uploads\/2026\/05\/aln_drivetime_header.jpg-300x90.jpeg 300w, https:\/\/automotiveland.nrw\/wp-content\/uploads\/2026\/05\/aln_drivetime_header.jpg-768x230.jpeg 768w, https:\/\/automotiveland.nrw\/wp-content\/uploads\/2026\/05\/aln_drivetime_header.jpg-1536x461.jpeg 1536w, https:\/\/automotiveland.nrw\/wp-content\/uploads\/2026\/05\/aln_drivetime_header.jpg-18x5.jpeg 18w, https:\/\/automotiveland.nrw\/wp-content\/uploads\/2026\/05\/aln_drivetime_header.jpg.jpeg 2000w\" sizes=\"(max-width: 1024px) 100vw, 1024px\" \/>\t\t\t\t\t\t\t\t\t\t\t\t\t\t\t<\/div>\n\t\t\t\t<\/div>\n\t\t\t\t<div class=\"elementor-element elementor-element-237103bb elementor-widget elementor-widget-text-editor\" data-id=\"237103bb\" data-element_type=\"widget\" data-e-type=\"widget\" data-widget_type=\"text-editor.default\">\n\t\t\t\t<div class=\"elementor-widget-container\">\n\t\t\t\t\t\t\t\t\t<p><strong>DriveTime<\/strong> \u2013 der Podcast von\u00a0automotiveland.nrw\u00a0bringt praxisnahe Impulse direkt aus der Automotive-Zulieferindustrie in NRW in deinen Arbeitsalltag. Jede Folge liefert konkrete Learnings, Best Practices und Aha-Momente zu Themen wie Risikomanagement, Cybersecurity, Transformation, Innovation, Fachkr\u00e4ftesicherung und Marktstrategien. In kompakten 15 bis 20 Minuten sprechen wechselnde Gastgeber mit Expertinnen und Experten aus Unternehmen, Start-ups, Wissenschaft und Politik \u00fcber echte Herausforderungen, erfolgreiche Ans\u00e4tze und die n\u00e4chsten Schritte f\u00fcr sichere Prozesse in bewegten Zeiten. Statt Buzzword-Bingo gibt es klare Handlungsempfehlungen, Benchmarking-Einblicke und Orientierung f\u00fcr strategische Entscheidungen \u2013 immer mit einem Blick unter die Haube und einem Ausblick auf die n\u00e4chsten f\u00fcnf Jahre.<\/p><p>\u00a0<\/p>\t\t\t\t\t\t\t\t<\/div>\n\t\t\t\t<\/div>\n\t\t\t\t\t<\/div>\n\t\t\t\t<\/div>\n\t\t<div class=\"elementor-element elementor-element-696f549 e-flex e-con-boxed e-con e-parent\" data-id=\"696f549\" data-element_type=\"container\" data-e-type=\"container\">\n\t\t\t\t\t<div class=\"e-con-inner\">\n\t\t\t\t<div class=\"elementor-element elementor-element-0199c9a elementor-widget elementor-widget-heading\" data-id=\"0199c9a\" data-element_type=\"widget\" data-e-type=\"widget\" data-widget_type=\"heading.default\">\n\t\t\t\t<div class=\"elementor-widget-container\">\n\t\t\t\t\t<h2 class=\"elementor-heading-title elementor-size-default\">#1 \u2013 Weltmarkt und Geopolitik<\/h2>\t\t\t\t<\/div>\n\t\t\t\t<\/div>\n\t\t\t\t<div class=\"elementor-element elementor-element-b2d00e4 elementor-widget__width-inherit elementor-widget elementor-widget-html\" data-id=\"b2d00e4\" data-element_type=\"widget\" data-e-type=\"widget\" data-widget_type=\"html.default\">\n\t\t\t\t<div class=\"elementor-widget-container\">\n\t\t\t\t\t<iframe src=\"https:\/\/player.pdcstrcdn.de?p=3249cd00-d7ee-45ab-bae8-9f72c86accef&v=1778497585\" width=\"100%\" height=\"450px\" style=\"border:0;overflow:hidden\"><\/iframe>\t\t\t\t<\/div>\n\t\t\t\t<\/div>\n\t\t\t\t\t<\/div>\n\t\t\t\t<\/div>\n\t\t<div class=\"elementor-element elementor-element-72f0298 e-con-full e-flex e-con e-parent\" data-id=\"72f0298\" data-element_type=\"container\" data-e-type=\"container\">\n\t\t\t\t<div class=\"elementor-element elementor-element-33dc100 elementor-widget elementor-widget-html\" data-id=\"33dc100\" data-element_type=\"widget\" data-e-type=\"widget\" data-widget_type=\"html.default\">\n\t\t\t\t<div class=\"elementor-widget-container\">\n\t\t\t\t\t<!-- DriveTime \u2013 Verf\u00fcgbar auf diesen Plattformen -->\n<section style=\"  font-family: 'Segoe UI', Arial, sans-serif;  margin: 2rem 0;  padding: 1.5rem 0;  border-top: 2px solid #e0e0e0;\">\n  <p style=\"    font-size: 0.85rem;    font-weight: 600;    letter-spacing: 0.1em;    text-transform: uppercase;    color: #888;    margin: 0 0 1rem 0;  \">Auch verf\u00fcgbar auf<\/p>\n\n  <div style=\"    display: flex;flex-direction: column;gap: 0.75rem;align-items: flex-start;  \">\n\n    <!-- Spotify -->\n    <a href=\"https:\/\/open.spotify.com\/show\/033eN4gs6Unc3KJPGYxXF2\"\n       target=\"_blank\"\n       rel=\"noopener noreferrer\"\n       style=\"display: inline-block; text-decoration: none;\">\n      <img decoding=\"async\"\n        src=\"https:\/\/storage.googleapis.com\/pr-newsroom-wp\/1\/2018\/11\/Spotify_Logo_RGB_Black.png\"\n        alt=\"Auf Spotify h\u00f6ren\"\n        style=\"height: 28px; width: auto; display: block;\"\n      \/>\n    <\/a>\n\n    <!-- Apple Podcasts -->\n    <a href=\"https:\/\/podcasts.apple.com\/de\/podcast\/drivetime\/id1896569479\"\n       target=\"_blank\"\n       rel=\"noopener noreferrer\"\n       style=\"display: inline-block; text-decoration: none;\">\n      <img decoding=\"async\"\n        src=\"https:\/\/tools.applemediaservices.com\/api\/badges\/listen-on-apple-podcasts\/badge\/de-de?size=250x83\"\n        alt=\"Auf Apple Podcasts h\u00f6ren\"\n        style=\"height: 36px; width: auto; display: block;\"\n      \/>\n    <\/a>\n\n    <!-- Amazon Music -->\n    <a href=\"https:\/\/music.amazon.de\/podcasts\/26b73aa0-8f8b-4253-817a-2a06f89da40a\/drivetime\"\n              target=\"_blank\"\n       rel=\"noopener noreferrer\"\n       style=\"         display: inline-flex;         align-items: center;         gap: 0.4rem;         background: #1a1a1a;         color: #fff;         font-size: 0.8rem;         font-weight: 600;         padding: 0.45rem 0.9rem;         border-radius: 4px;         text-decoration: none;         letter-spacing: 0.03em;         height: 28px;         box-sizing: border-box;         white-space: nowrap;       \">\n      \ud83c\udfb5 Amazon Music\n    <\/a>\n\n\n    <!-- Podcast.de -->\n    <a href=\"https:\/\/www.podcast.de\/podcast\/3721365\/drivetime\"\n       target=\"_blank\"\n       rel=\"noopener noreferrer\"\n       style=\"         display: inline-flex;         align-items: center;         gap: 0.4rem;         background: #1a1a1a;         color: #fff;         font-size: 0.8rem;         font-weight: 600;         padding: 0.45rem 0.9rem;         border-radius: 4px;         text-decoration: none;         letter-spacing: 0.03em;         height: 28px;         box-sizing: border-box;       \">\n      \ud83c\udf99 podcast.de\n    <\/a>\n    \n    <!-- Deezer -->\n    <a href=\"https:\/\/www.deezer.com\/show\/1003040201\"\n       target=\"_blank\"\n       rel=\"noopener noreferrer\"\n       style=\"         display: inline-flex;         align-items: center;         gap: 0.4rem;         background: #1a1a1a;         color: #fff;         font-size: 0.8rem;         font-weight: 600;         padding: 0.45rem 0.9rem;         border-radius: 4px;         text-decoration: none;         letter-spacing: 0.03em;         height: 28px;         box-sizing: border-box;         white-space: nowrap;       \">\n      \ud83c\udfb6 Deezer\n    <\/a>\n\n  <\/div>\n<\/section>\n<!-- Ende DriveTime Plattform-Links -->\t\t\t\t<\/div>\n\t\t\t\t<\/div>\n\t\t\t\t<\/div>\n\t\t\t\t<\/div>","protected":false},"excerpt":{"rendered":"<p>DriveTime \u2013 der Podcast von\u00a0automotiveland.nrw\u00a0bringt praxisnahe Impulse direkt aus der Automotive-Zulieferindustrie in NRW in deinen Arbeitsalltag. Jede Folge liefert konkrete Learnings, Best Practices und Aha-Momente zu Themen wie Risikomanagement, Cybersecurity,&#8230;<\/p>","protected":false},"author":14,"featured_media":4991,"parent":47,"menu_order":0,"comment_status":"closed","ping_status":"closed","template":"","meta":{"_kad_post_transparent":"default","_kad_post_title":"default","_kad_post_layout":"default","_kad_post_sidebar_id":"","_kad_post_content_style":"default","_kad_post_vertical_padding":"default","_kad_post_feature":"","_kad_post_feature_position":"","_kad_post_header":false,"_kad_post_footer":false,"_kad_post_classname":"","footnotes":""},"class_list":["post-4987","page","type-page","status-publish","has-post-thumbnail","hentry"],"_links":{"self":[{"href":"https:\/\/automotiveland.nrw\/en\/wp-json\/wp\/v2\/pages\/4987","targetHints":{"allow":["GET"]}}],"collection":[{"href":"https:\/\/automotiveland.nrw\/en\/wp-json\/wp\/v2\/pages"}],"about":[{"href":"https:\/\/automotiveland.nrw\/en\/wp-json\/wp\/v2\/types\/page"}],"author":[{"embeddable":true,"href":"https:\/\/automotiveland.nrw\/en\/wp-json\/wp\/v2\/users\/14"}],"replies":[{"embeddable":true,"href":"https:\/\/automotiveland.nrw\/en\/wp-json\/wp\/v2\/comments?post=4987"}],"version-history":[{"count":20,"href":"https:\/\/automotiveland.nrw\/en\/wp-json\/wp\/v2\/pages\/4987\/revisions"}],"predecessor-version":[{"id":5050,"href":"https:\/\/automotiveland.nrw\/en\/wp-json\/wp\/v2\/pages\/4987\/revisions\/5050"}],"up":[{"embeddable":true,"href":"https:\/\/automotiveland.nrw\/en\/wp-json\/wp\/v2\/pages\/47"}],"wp:featuredmedia":[{"embeddable":true,"href":"https:\/\/automotiveland.nrw\/en\/wp-json\/wp\/v2\/media\/4991"}],"wp:attachment":[{"href":"https:\/\/automotiveland.nrw\/en\/wp-json\/wp\/v2\/media?parent=4987"}],"curies":[{"name":"wp","href":"https:\/\/api.w.org\/{rel}","templated":true}]}}